{"id":1328,"date":"2018-02-16T11:16:47","date_gmt":"2018-02-16T11:16:47","guid":{"rendered":"http:\/\/gailu.net\/desarrollo\/totitoronell\/pagina-ejemplo\/"},"modified":"2018-06-01T07:25:59","modified_gmt":"2018-06-01T07:25:59","slug":"aviso-legal","status":"publish","type":"page","link":"https:\/\/totitoronell.com\/en\/aviso-legal\/","title":{"rendered":"Legal Advice"},"content":{"rendered":"<p><strong>1. INTRODUCCI\u00d3<\/strong><\/p>\n<p>El present av\u00eds legal cont\u00e9 les normes d\u2019\u00fas del portal www.totitoronell.com que Plural Garrotxa, SLU, com a titular del mateix posa a disposici\u00f3 dels usuaris d\u2019Internet, exclusivament amb la finalitat de proporcionar informaci\u00f3 sobre els productes i serveis oferts. L\u2019acc\u00e9s i\/o utilitzaci\u00f3 del portal li atribueix la condici\u00f3 d\u2019usuari del mateix i suposa la plena acceptaci\u00f3 d\u2019aquestes condicions generals, que s\u00f3n aplicables sense perjudici de les condicions particulars o especials que, si escau, s\u2019estableixin. Si no accepta aquestes condicions d\u2019\u00fas, s\u2019ha d\u2019abstenir d\u2019accedir i\/o utilitzar el portal.<\/p>\n<p><strong>2. IDENTITAT DEL TITULAR DEL LLOC WEB<\/strong><\/p>\n<p>En compliment del deure d\u2019informaci\u00f3 establert a l\u2019article 10 de la Llei 34\/2002, de 11 de juliol, de Serveis de la Societat de la Informaci\u00f3 i Comer\u00e7 Electr\u00f2nic, s\u2019informa de les dades identificatives de l\u2019empresa Plural Garrotxa, SLU:<\/p>\n<p>Denominaci\u00f3: Plural Garrotxa, SLU<br \/>\nDomicili social: Cami de Cal Grill, s\/n<br \/>\nCIF: B17\/683285<br \/>\nTel\u00e8fon: 972 19 51 20<br \/>\nE-mail: totitoronell@gmail.com<\/p>\n<p><strong>3. USUARIS<\/strong><\/p>\n<p>Encara que l\u2019acc\u00e9s i\/o utilitzaci\u00f3 del portal no exigeix el registre dels usuaris, \u00e9s possible que la utilitzaci\u00f3 d\u2019alguns serveis es condicioni a emplenar pr\u00e8viament un formulari de registre i l\u2019\u00fas d\u2019una clau d\u2019acc\u00e9s composta d\u2019un codi d\u2019usuari (login) i una contrasenya (password), que rebr\u00e0 despr\u00e9s d\u2019haver completat el proc\u00e9s de registre.<br \/>\nPer aix\u00f2 en relaci\u00f3 amb el proc\u00e9s de registre i a les dades que se li demanen, l\u2019usuari est\u00e0 obligat a facilitar i mantenir la informaci\u00f3 de forma vera\u00e7, exacta, actualitzada i completa sobre la seva identitat, havent de comunicar qualsevol modificaci\u00f3 a Plural Garrotxa, SLU<br \/>\nA m\u00e9s l\u2019usuari es compromet a fer un \u00fas diligent de les claus d\u2019acc\u00e9s, a no posar-les a disposici\u00f3 de tercers i a comunicar a totitoronell@gmail.com la p\u00e8rdua o robatori de les mateixes i el possible acc\u00e9s per un tercer a les mateixes, sent l\u2019usuari l\u2019\u00fanic responsable fins la citada notificaci\u00f3.<\/p>\n<p><strong>4. PROPIETAT INTEL\u00b7LECTUAL I INDUSTRIAL<\/strong><\/p>\n<p>Aquest lloc web \u00e9s propietat de Plural Garrotxa, SLU<\/p>\n<p>L\u2019usuari reconeix que Plural Garrotxa, SLU \u00e9s titular exclusiu o t\u00e9 la corresponent llic\u00e8ncia dels continguts d\u2019aquesta p\u00e0gina web, \u00e9s a dir, i a t\u00edtol merament enunciatiu, sobre els textos, missatges, fotografies, dissenys, logotips, codi font, gr\u00e0fics, imatges, dibuixos, \u00e0udio, v\u00eddeo, programes inform\u00e0tics, productes multim\u00e8dia, el \u201clook-and-feel\u201d, les marques, els noms comercials i signes distintius que apareixen en la mateixa.<\/p>\n<p>L\u2019acc\u00e9s per l\u2019usuari a aquesta p\u00e0gina Web no implica cap tipus de ren\u00fancia, transmissi\u00f3, cessi\u00f3 total o parcial o llic\u00e8ncia d\u2019aquests drets de propietat intel\u00b7lectual i industrial, ni confereix cap dret d\u2019utilitzaci\u00f3, alteraci\u00f3, explotaci\u00f3, reproducci\u00f3, distribuci\u00f3, comunicaci\u00f3 p\u00fablica sense la pr\u00e8via i expressa autoritzaci\u00f3 per escrit dels respectius titulars d\u2019aquests drets.<\/p>\n<p>S\u2019autoritza a l\u2019usuari a accedir, visualitzar, imprimir, descarregar i emmagatzemar els continguts i\/o els elements inserits en el lloc Web exclusivament pel seu \u00fas personal, privat i no lucratiu, aix\u00f2 \u00e9s, sense finalitats comercials, sempre que es mantingui la indicaci\u00f3 sobre l\u2019origen i l\u2019autoria dels mateixos i el s\u00edmbol del copyright i\/o notes de propietat industrial dels seus titulars, aix\u00f2 \u00e9s \u00a9 Plural Garrotxa, SLU, Girona. Tots els drets reservats.<\/p>\n<p>L\u2019usuari es compromet a no suprimir o alterar les mencions com a copyright, \u00a9, \u00ae i TM que apareixen a la p\u00e0gina web, en qualsevol dels materials que cont\u00e9, en qualsevol dels seus serveis o informaci\u00f3 obtinguts a trav\u00e9s dels mateixos, amb la finalitat d\u2019assegurar la protecci\u00f3 d\u2019aquests drets.<\/p>\n<p>L\u2019enviament per part de l\u2019usuari d\u2019informacions, comentaris, fotografies o propostes (en endavant, continguts) al portal o a Plural Garrotxa, SLU, a trav\u00e9s del correu electr\u00f2nic, fax, correu postal, formularis o de qualsevol altre mitj\u00e0, implica per aquest simple fet l\u2019atorgament a Plural Garrotxa, SLU d\u2019una llic\u00e8ncia gratu\u00efta, amb car\u00e0cter no exclusiu, mundial i per tot el temps que permeti la legislaci\u00f3 vigent per utilitzar-les per qualsevol finalitat, incloent-hi, amb car\u00e0cter enumeratiu i no limitatiu, la reproducci\u00f3, la comunicaci\u00f3 p\u00fablica, la distribuci\u00f3, la transformaci\u00f3, la traducci\u00f3, la divulgaci\u00f3, el rebuig o eliminaci\u00f3 d\u2019informaci\u00f3, l\u2019edici\u00f3, la incorporaci\u00f3 a bases de dades, l\u2019explotaci\u00f3 comercial, en qualsevol format, mitj\u00e0 o tecnologia actualment coneguda o que puguin con\u00e8ixer en el futur, en tot o en part, de tals informacions o continguts, llic\u00e8ncia que permetr\u00e0 l\u2019autoritzaci\u00f3 per incorporar i comercialitzar aquests continguts en suports com paper, CD-ROM, DVD, Internet, el Web i les xarxes socials.<\/p>\n<p>L\u2019usuari es fa responsable que els continguts remesos no infringeixin drets de tercers ni vulnerin qualsevol norma, ni que es tracti d\u2019informaci\u00f3 confidencial o secreta. L\u2019usuari a m\u00e9s assumeix l\u2019obligaci\u00f3 de mantenir a Plural Garrotxa, SLU i\/o els seus representants, treballadors, etc. indemnes i lliures de tota responsabilitat que pogu\u00e9s derivar de l\u2019exercici d\u2019accions, judicials o no, que tinguessin la seva causa a la transgressi\u00f3 dels drets de tercers o de la legislaci\u00f3 vigent.<\/p>\n<p><strong>5. PROTECCI\u00d3 DE DADES PERSONALS<\/strong><\/p>\n<p>Per utilitzar o tenir acc\u00e9s a algun dels continguts i\/o serveis del portal, Plural Garrotxa, SLU podr\u00e0 demanar la complementaci\u00f3 de formularis que impliquen el tractament de dades de car\u00e0cter personal.<\/p>\n<p>En compliment del que disposa la Llei Org\u00e0nica 15\/1999, de 13 de desembre, de Protecci\u00f3 de Dades de Car\u00e0cter Personal, el seu Reglament de Desenvolupament de la mateixa aprovat mitjan\u00e7ant Reial Decret 1720\/2007 de 21 de desembre i en la Llei 34\/2002, de 11 de juliol, de Serveis de la Societat de la Informaci\u00f3 i de Comer\u00e7 Electr\u00f2nic, Plural Garrotxa, SLU l\u2019informa que les dades personals que ens comuniqui en aquest acte, inclosa la seva adre\u00e7a electr\u00f2nica i aquelles dades sobre els quals Plural Garrotxa, SLU tingui acc\u00e9s com a conseq\u00fc\u00e8ncia de la navegaci\u00f3 o dels que es poguessin derivar de la relaci\u00f3 establerta amb l\u2019usuari, fins i tot despr\u00e9s de la seva finalitzaci\u00f3, seran tractades en el corresponent fitxer de Plural Garrotxa, SLU, que es troba degudament inscrit al Registre General de l\u2019Ag\u00e8ncia Espanyola de Protecci\u00f3 de Dades competent, amb les finalitats que consten a la citada declaraci\u00f3.<\/p>\n<p>L\u2019usuari declara que tota la informaci\u00f3 que subministra \u00e9s vera\u00e7, exacta, i completa i es compromet a mantenir-la actualitzada i a comunicar tots els canvis de forma immediata. En aquells sup\u00f2sits en qu\u00e8 l\u2019usuari facilit\u00e9s dades personals d\u2019altres persones f\u00edsiques, aquest assumeix l\u2019obligaci\u00f3 d\u2019observar, respecte a les citades dades, les exig\u00e8ncies derivades de la Llei Org\u00e0nica 15\/1999, de 13 de desembre (LOPD), espec\u00edficament, dels deures d\u2019informaci\u00f3 i de sol\u00b7licitud del consentiment a les persones titulars de les dades personals que li concerneixen per al seu tractament.<\/p>\n<p>Mitjan\u00e7ant la complementaci\u00f3 del formulari de registre i la seva acceptaci\u00f3 per mitj\u00e0 del clic del bot\u00f3, aix\u00ed com la remissi\u00f3 de qualsevol informaci\u00f3 a trav\u00e9s de qualsevol tipus de formularis electr\u00f2nics o per correu electr\u00f2nic, fax, sms, etc. l\u2019usuari manifesta expressa i inequ\u00edvocament el seu consentiment perqu\u00e8 les dades de car\u00e0cter personal subministrades, siguin incorporades al fitxer corresponent i tractades amb les seves finalitats.<\/p>\n<p>L\u2019\u00fas del present Web est\u00e0 limitat a majors d\u2019edat, de manera que per tal que puguin ser objecte de tractament les dades personals de menors d\u2019edat, ser\u00e0 requisit imprescindible que obtinguin pr\u00e8viament el consentiment dels seus pares, tutors o representants legals, els qui seran considerats responsables de tots els actes realitzats pels menors al seu c\u00e0rrec.<\/p>\n<p>Malgrat que Plural Garrotxa, SLU ha adoptat els nivells de seguretat de protecci\u00f3 de les dades personals, l\u2019usuari ha de ser conscient que les mesures de seguretat a Internet no s\u00f3n inexpugnables.<\/p>\n<p>Els usuaris que hagin facilitat les seves dades podran adre\u00e7ar-se a Plural Garrotxa, SLU com a responsable del fitxer per exercitar els drets els d\u2019acc\u00e9s, rectificaci\u00f3 o cancel\u00b7laci\u00f3 de dades i oposici\u00f3 de l\u2019\u00fas i cessi\u00f3 de les dades, aix\u00ed com el dret de revocar el consentiment prestat, que podran ser exercitats per l\u2019usuari o, si escau, per qui el representi, mitjan\u00e7ant sol\u00b7licitud escrita i signada, dirigida a la seg\u00fcent adre\u00e7a: Plural Garrotxa, SLU, Cami de Cal Grill, s\/n 17857 Sant Joan les Fonts (Girona). La sol\u00b7licitud haur\u00e0 de contenir les seg\u00fcents dades: nom i cognoms de l\u2019usuari, domicili a efectes de notificacions, fotoc\u00f2pia del Document Nacional d\u2019Identitat o passaport, i contingut concret del dret exercitat.<\/p>\n<p><strong>6. \u00daS DE COOKIES<\/strong><\/p>\n<p>Pel que fa a l\u2019\u00fas de cookies, Plural Garrotxa, SLU informa l\u2019usuari que quan navega per les diferents pantalles i p\u00e0gines d\u2019aquest lloc Web s\u2019utilitzen cookies. La cookie \u00e9s un petit arxiu de text que el servidor pot guardar en el disc dur d\u2019un equip per emmagatzemar algun tipus d\u2019informaci\u00f3 sobre l\u2019usuari. La galeta nom\u00e9s pot ser llegida pel lloc web que el va enviar a l\u2019equip. No \u00e9s un fitxer executable ni pot propagar ni contenir un virus. Plural Garrotxa, SLU utilitza aquestes dades amb la finalitat \u00faltima de millorar els seus serveis. La informaci\u00f3 que s\u2019emmagatzema mitjan\u00e7ant aquest mecanisme permet recon\u00e8ixer a l\u2019usuari en les seves diferents visites al lloc web, a m\u00e9s de facilitar informaci\u00f3 sobre la data o hora de la visita, mesurar alguns par\u00e0metres del tr\u00e0nsit dins del propi lloc web i estimar el nombre de visites realitzades permetent a Plural Garrotxa, SLU informar, enfocar i reajustar els serveis que ofereix de la forma m\u00e9s efectiva. Les galetes utilitzades s\u00f3n emmagatzemades al disc dur de l\u2019usuari per\u00f2 no permeten llegir les dades contingudes en ell, ni llegir els arxius cookies creats per altres prove\u00efdors. Les cookies utilitzades no s\u00f3n invasives ni nocives, i es poden desactivar mitjan\u00e7ant l\u2019opci\u00f3 corresponent que figura en el navegador.<\/p>\n<p><strong>7. LLEI DE SERVEIS DE LA SOCIETAT DE LA INFORMACI\u00d3<\/strong><\/p>\n<p>Plural Garrotxa, SLU posa a disposici\u00f3 dels usuaris \u201clinks\u201d a efectes purament informatius, per\u00f2 sense que conegui, controli, avali o recomani els continguts, productes o serveis facilitats pels llocs web als que s\u2019estableixen enlla\u00e7os.<\/p>\n<p>Per aix\u00f2 Plural Garrotxa, SLU no assumeix cap responsabilitat per qualsevol aspecte relatiu a la p\u00e0gina web a la qual s\u2019estableix un enlla\u00e7 des d\u2019aquest lloc web.<\/p>\n<p>Qualsevol persona que vulgui incloure dins de la seva p\u00e0gina web un enlla\u00e7 o link cap al lloc web de Plural Garrotxa, SLU haur\u00e0 de complir les condicions seg\u00fcents:<\/p>\n<p>1. El link sol es permetr\u00e0 a la p\u00e0gina d\u2019inici, \u00e9s a dir www.totitoronell.com estant prohibits els links profunds i els frames.<\/p>\n<p>2. No es realitzaran amb l\u2019enlla\u00e7, manifestacions o indicacions falses, incorrectes o denigrants, ni contr\u00e0ries a la llei, la moral o els bons costums, sobre Plural Garrotxa, SLU, els seus directius, els seus empleats, els seus productes, els seus serveis, etc.<\/p>\n<p>3. No s\u2019autoritzen enlla\u00e7os des de p\u00e0gines que continguin continguts il\u00b7l\u00edcits o il\u00b7legals, manifestacions racistes, degradants, etc.<\/p>\n<p>4. L\u2019establiment del link no suposa que entre Plural Garrotxa, SLU i el titular de la p\u00e0gina web en qu\u00e8 s\u2019estableixi, hi hagi algun tipus de vincle o de relaci\u00f3 jur\u00eddica.<\/p>\n<p>5. Plural Garrotxa, SLU no ser\u00e0 responsable dels continguts o serveis oferts al web des del que es realitza el link.<\/p>\n<p><strong>8. RESPONSABILITAT<\/strong><\/p>\n<p>L\u2019usuari accepta que l\u2019\u00fas del portal, dels continguts i\/o dels serveis es du a terme sota la seva \u00fanica i exclusiva responsabilitat i que Plural Garrotxa, SLU no garanteix que la informaci\u00f3 sigui exacta, completa i actualitzada, ni tampoc sobre la disponibilitat i continu\u00eftat del funcionament del mateix, ni dels continguts i\/o serveis que s\u2019incorporen ni controla ni garanteix l\u2019abs\u00e8ncia de virus ni d\u2019altres elements que puguin produir alteracions en el seu sistema inform\u00e0tic o en els documents electr\u00f2nics i fitxers emmagatzemats al seu sistema inform\u00e0tic.<\/p>\n<p>Plural Garrotxa, SLU exclou, amb tota l\u2019extensi\u00f3 permesa per l\u2019ordenament jur\u00eddic, qualsevol responsabilitat pels danys i perjudicis de tota naturalesa que es puguin deure a la informaci\u00f3 del portal i a la falta de disponibilitat o de continu\u00eftat del funcionament del portal i dels continguts i\/o serveis que s\u2019incorporen.<\/p>\n<p><strong>9. INTERRUPCI\u00d3, SUSPENSI\u00d3 I CANCEL\u00b7LACI\u00d3<\/strong><\/p>\n<p>Plural Garrotxa, SLU realitzar\u00e0 tots els esfor\u00e7os raonables per garantir l\u2019accessibilitat i disponibilitat del portal durant tots els dies de l\u2019any. No obstant aix\u00f2, es reserva el dret a alterar, eliminar, interrompre, suspendre i\/o cancel\u00b7lar l\u2019acc\u00e9s, els serveis i\/o els continguts del portal sense necessitat de preav\u00eds i en qualsevol moment.<\/p>\n<p><strong>10. LLEI APLICABLE I JURISDICCI\u00d3<\/strong><\/p>\n<p>El present av\u00eds legal s\u2019interpretar\u00e0 i regir\u00e0 de conformitat amb la legislaci\u00f3 Espanyola, a la qual ambdues parts se sotmeten de forma expressa. Si la normativa possibilita que les parts puguin renunciar al seu fur i sotmetre\u2019s a un altre, Plural Garrotxa, SLU i l\u2019usuari, amb ren\u00fancia expressa a qualsevol altre fur que pogu\u00e9s correspondre\u2019ls, es sotmeten als Jutjats i Tribunals de Girona capital.<\/p>\n","protected":false},"excerpt":{"rendered":"<p>1. INTRODUCCI\u00d3 El present av\u00eds legal cont\u00e9 les normes d\u2019\u00fas del portal www.totitoronell.com que Plural Garrotxa, SLU, com a titular del mateix posa a disposici\u00f3 dels usuaris d\u2019Internet, exclusivament amb la finalitat de proporcionar informaci\u00f3 sobre els productes i serveis oferts. L\u2019acc\u00e9s i\/o utilitzaci\u00f3 del portal li atribueix la condici\u00f3 d\u2019usuari del mateix i suposa [&hellip;]<\/p>\n","protected":false},"author":1,"featured_media":0,"parent":0,"menu_order":0,"comment_status":"closed","ping_status":"open","template":"","meta":{"footnotes":""},"class_list":["post-1328","page","type-page","status-publish","hentry"],"acf":[],"_links":{"self":[{"href":"https:\/\/totitoronell.com\/en\/wp-json\/wp\/v2\/pages\/1328","targetHints":{"allow":["GET"]}}],"collection":[{"href":"https:\/\/totitoronell.com\/en\/wp-json\/wp\/v2\/pages"}],"about":[{"href":"https:\/\/totitoronell.com\/en\/wp-json\/wp\/v2\/types\/page"}],"author":[{"embeddable":true,"href":"https:\/\/totitoronell.com\/en\/wp-json\/wp\/v2\/users\/1"}],"replies":[{"embeddable":true,"href":"https:\/\/totitoronell.com\/en\/wp-json\/wp\/v2\/comments?post=1328"}],"version-history":[{"count":4,"href":"https:\/\/totitoronell.com\/en\/wp-json\/wp\/v2\/pages\/1328\/revisions"}],"predecessor-version":[{"id":1654,"href":"https:\/\/totitoronell.com\/en\/wp-json\/wp\/v2\/pages\/1328\/revisions\/1654"}],"wp:attachment":[{"href":"https:\/\/totitoronell.com\/en\/wp-json\/wp\/v2\/media?parent=1328"}],"curies":[{"name":"wp","href":"https:\/\/api.w.org\/{rel}","templated":true}]}}