{"id":1800,"date":"2018-06-01T10:01:58","date_gmt":"2018-06-01T10:01:58","guid":{"rendered":"http:\/\/gailu.net\/desarrollo\/totitoronell\/politica-de-cookies\/"},"modified":"2018-06-06T17:47:23","modified_gmt":"2018-06-06T17:47:23","slug":"politica-de-cookies","status":"publish","type":"page","link":"https:\/\/totitoronell.com\/es\/politica-de-cookies\/","title":{"rendered":"Pol\u00edtica de cookies"},"content":{"rendered":"<p>En aquest web recollim i utilitzem la informaci\u00f3 segons indiquem en la nostra pol\u00edtica de privacitat. Una de les formes en les que recollim informaci\u00f3 \u00e9s a trav\u00e9s de l\u2019\u00fas de la tecnologia anomenada \u201ccookies\u201d.<\/p>\n<p><strong>Qu\u00e8 \u00e9s una cookie?<\/strong><br \/>\nLa cookie \u00e9s un petit arxiu de text que s\u2019emmagatzema en el seu navegador (com Chrome de Google o Safari d\u2019Apple) quan navega per la majoria dels llocs web. La cookie nom\u00e9s pot ser llegida pel lloc web que el va enviar al seu equip.<\/p>\n<p><strong>Qu\u00e8 no \u00e9s una cookie?<\/strong><br \/>\nNo \u00e9s un fitxer executable ni pot propagar ni contenir un virus. No \u00e9s un troi\u00e0, ni un cuc, ni spam, ni spyware, ni obre finestres pop-up.<\/p>\n<p><strong>Quina informaci\u00f3 emmagatzema una cookie?<\/strong><br \/>\nLes cookies no solen emmagatzemar informaci\u00f3 sensible sobre vost\u00e8, com targetes de cr\u00e8dit o dades banc\u00e0ries, fotografies o informaci\u00f3 personal, etc. Les dades que guarden s\u00f3n de car\u00e0cter t\u00e8cnic, estad\u00edstiques, prefer\u00e8ncies personals, personalitzaci\u00f3 de continguts, etc.<\/p>\n<p>El servidor web no li associa a vost\u00e8 com a persona sin\u00f3 al seu navegador web. De fet, si vost\u00e8 navega habitualment amb el navegador Chrome i prova a navegar per la mateixa web amb el navegador Firefox, veur\u00e0 que el web no s\u2019adona que \u00e9s vost\u00e8 la mateixa persona perqu\u00e8 en realitat est\u00e0 associant la informaci\u00f3 al navegador, no a la persona.<\/p>\n<p><strong>Quin tipus de cookies hi ha?<\/strong><br \/>\nCookies t\u00e8cniques: S\u00f3n les m\u00e9s elementals i permeten, entre altres coses, saber quan est\u00e0 navegant un hum\u00e0 o una aplicaci\u00f3 automatitzada, quan navega un usuari an\u00f2nim i un registrat, tasques b\u00e0siques per al funcionament de qualsevol web din\u00e0mica.<br \/>\nCookies d\u2019an\u00e0lisi: Recullen informaci\u00f3 sobre el tipus de navegaci\u00f3 que est\u00e0 realitzant, les seccions que m\u00e9s utilitza, productes consultats, franja hor\u00e0ria d\u2019\u00fas, idioma, etc.<br \/>\nCookies publicit\u00e0ries: Mostren publicitat en funci\u00f3 de la seva navegaci\u00f3, el seu pa\u00eds de proced\u00e8ncia, idioma, etc.<\/p>\n<p><strong>Qu\u00e8 s\u00f3n les cookies pr\u00f2pies i les de tercers?<\/strong><br \/>\nLes cookies pr\u00f2pies s\u00f3n les generades per la p\u00e0gina que est\u00e0 visitant i les de tercers s\u00f3n les generades per serveis o prove\u00efdors externs com Mailchimp, Mailrelay, Facebook, Twitter, Google adsense, etc.<\/p>\n<p><strong>Quines cookies utilitza aquesta web?<\/strong><br \/>\nAquest web utilitza cookies pr\u00f2pies i de tercers. En aquest lloc web s\u2019utilitzen les seg\u00fcents cookies que es detallen a continuaci\u00f3:<\/p>\n<p>Cookies pr\u00f2pies:<\/p>\n<p>Personalitzaci\u00f3: Les cookies ens ajuden a recordar amb quines persones o llocs web ha interactuat, perqu\u00e8 puguem mostrar-contingut relacionat.<br \/>\nPrefer\u00e8ncies: Les cookies ens permeten recordar els par\u00e0metres i prefer\u00e8ncies, com l\u2019idioma preferit i la seva configuraci\u00f3 de privacitat.<br \/>\nSeguretat: Utilitzem cookies per evitar riscos de seguretat. <\/p>\n<p>Cookies de tercers:<\/p>\n<p>Aquesta web utilitza serveis d\u2019an\u00e0lisi, concretament, Google Analytics per ajudar al website a analitzar l\u2019\u00fas que fan els usuaris del lloc web i millorar la usabilitat del mateix, per\u00f2 en cap cas s\u2019associen a dades que poguessin arribar a identificar l\u2019usuari. Google Analytics, \u00e9s un servei anal\u00edtic de web prestat per Google, Inc., L\u2019usuari pot consultar aqu\u00ed el tipus de cookies utilitzades per Google.<\/p>\n<p>Plural Garrotxa, SLU \u00e9s usuari de la plataforma de subministrament i allotjament de blocs WordPress, propietat de l\u2019empresa nord-americana Automattic, Inc A aquests efectes, els usos d\u2019aquestes cookies pels sistemes mai estan sota control o gesti\u00f3 del responsable del web , poden canviar la seva funci\u00f3 en qualsevol moment, i entrar cookies noves. Aquestes cookies tampoc reporten al responsable d\u2019aquesta web cap benefici. Automattic, Inc, utilitza a m\u00e9s altres cookies amb la finalitat d\u2019ajudar a identificar i rastrejar als visitants dels llocs de WordPress, con\u00e8ixer l\u2019\u00fas que fan del lloc web d\u2019Automattic, aix\u00ed com les seves prefer\u00e8ncies d\u2019acc\u00e9s al mateix, tal com es recull en l\u2019apartat \u201ccookies\u201d de la seva pol\u00edtica de privacitat.<\/p>\n<p>Les cookies de xarxes socials poden emmagatzemar-se en el seu navegador mentre navega per aquesta web per exemple, quan utilitza el bot\u00f3 de compartir continguts de totitoronell.com en alguna xarxa social.<\/p>\n<p>A continuaci\u00f3 t\u00e9 informaci\u00f3 sobre les cookies de les xarxes socials que utilitza aquesta web en les seves pr\u00f2pies pol\u00edtiques de cookies:<\/p>\n<p>Cookies de Twitter, veure m\u00e9s informaci\u00f3 en la seva pol\u00edtica de cookies<br \/>\nCookies de Linkedin, veure m\u00e9s informaci\u00f3 en la seva pol\u00edtica de cookies<br \/>\nCookies de Youtube, veure m\u00e9s informaci\u00f3 en la seva pol\u00edtica de cookies<br \/>\nPlural Garrotxa, SLU utilitza aquestes dades amb la finalitat \u00faltima de millorar els seus serveis.<\/p>\n<p>La informaci\u00f3 que s\u2019emmagatzema mitjan\u00e7ant aquest mecanisme permet recon\u00e8ixer l\u2019usuari en les seves diferents visites al lloc web, a m\u00e9s de facilitar informaci\u00f3 sobre la data o hora de la visita, mesurar alguns par\u00e0metres del tr\u00e0nsit dins del propi lloc web i estimar el nombre de visites realitzades permetent RSM GASS\u00d3 CIMNE ENERGY, SL. informar, enfocar i reajustar els serveis que ofereix de la forma m\u00e9s efectiva. Les cookies utilitzades s\u00f3n emmagatzemades al disc dur de l\u2019usuari per\u00f2 no permeten llegir les dades contingudes en ell, ni llegir els arxius cookie creats per altres prove\u00efdors. Les cookies utilitzades no s\u00f3n invasives ni nocives, i es poden desactivar mitjan\u00e7ant l\u2019opci\u00f3 corresponent que figura en el navegador.<\/p>\n<p><strong>Es poden eliminar les cookies?<\/strong><br \/>\nS\u00ed, i no nom\u00e9s eliminar, tamb\u00e9 bloquejar, de forma general o particular per a un domini espec\u00edfic. Per eliminar les cookies d\u2019un lloc web ha d\u2019anar a la configuraci\u00f3 del seu navegador i all\u00e0 podr\u00e0 buscar les associades al domini en q\u00fcesti\u00f3 i procedir a la seva eliminaci\u00f3.<\/p>\n<p><a href=\"http:\/\/support.google.com\/chrome\/bin\/answer.py?hl=es&#038;answer=95647\">Configuraci\u00f3 de cookies per a Google Chrome<\/a><br \/>\n<a href=\"http:\/\/Configuraci\u00f3 de cookies per Apple Safari\">Configuraci\u00f3 de cookies per Apple Safari<\/a><br \/>\n<a href=\"http:\/\/Configuraci\u00f3 de cookies per a Internet Explorer\">Configuraci\u00f3 de cookies per a Internet Explorer<\/a><br \/>\n<a href=\"https:\/\/support.mozilla.org\/es\/kb\/habilitar-y-deshabilitar-cookies-sitios-web-rastrear-preferencias?redirectlocale=es&#038;redirectslug=habilitar-y-deshabilitar-cookies-que-los-sitios-we\">Configuraci\u00f3 de cookies per a Mozilla Firefox<\/a><\/p>\n<p><strong>M\u00e9s informaci\u00f3 sobre les cookies<\/strong><br \/>\nPot consultar el reglament sobre cookies publicat per l\u2019Ag\u00e8ncia Espanyola de Protecci\u00f3 de Dades en el seu \u201cGuia sobre l\u2019\u00fas de les cookies\u201d i obtenir m\u00e9s informaci\u00f3 sobre les cookies a Internet, http:\/\/www.aboutcookies.org\/<\/p>\n<p>Si voleu tenir un major control sobre la instal\u00b7laci\u00f3 de cookies, pot instal\u00b7lar programes o complements al seu navegador, coneguts com a eines de \u201cDo Not Track\u201d, que li permetran escollir aquelles cookies que desitja permetre.<\/p>\n<p>Aquesta pol\u00edtica de cookies ha estat actualitzada per darrera vegada el 2018.05.18.<\/p>\n","protected":false},"excerpt":{"rendered":"<p>En aquest web recollim i utilitzem la informaci\u00f3 segons indiquem en la nostra pol\u00edtica de privacitat. Una de les formes en les que recollim informaci\u00f3 \u00e9s a trav\u00e9s de l\u2019\u00fas de la tecnologia anomenada \u201ccookies\u201d. Qu\u00e8 \u00e9s una cookie? La cookie \u00e9s un petit arxiu de text que s\u2019emmagatzema en el seu navegador (com Chrome [&hellip;]<\/p>\n","protected":false},"author":1,"featured_media":0,"parent":0,"menu_order":0,"comment_status":"closed","ping_status":"closed","template":"","meta":{"footnotes":""},"class_list":["post-1800","page","type-page","status-publish","hentry"],"acf":[],"_links":{"self":[{"href":"https:\/\/totitoronell.com\/es\/wp-json\/wp\/v2\/pages\/1800","targetHints":{"allow":["GET"]}}],"collection":[{"href":"https:\/\/totitoronell.com\/es\/wp-json\/wp\/v2\/pages"}],"about":[{"href":"https:\/\/totitoronell.com\/es\/wp-json\/wp\/v2\/types\/page"}],"author":[{"embeddable":true,"href":"https:\/\/totitoronell.com\/es\/wp-json\/wp\/v2\/users\/1"}],"replies":[{"embeddable":true,"href":"https:\/\/totitoronell.com\/es\/wp-json\/wp\/v2\/comments?post=1800"}],"version-history":[{"count":1,"href":"https:\/\/totitoronell.com\/es\/wp-json\/wp\/v2\/pages\/1800\/revisions"}],"predecessor-version":[{"id":1833,"href":"https:\/\/totitoronell.com\/es\/wp-json\/wp\/v2\/pages\/1800\/revisions\/1833"}],"wp:attachment":[{"href":"https:\/\/totitoronell.com\/es\/wp-json\/wp\/v2\/media?parent=1800"}],"curies":[{"name":"wp","href":"https:\/\/api.w.org\/{rel}","templated":true}]}}