{"id":4215,"date":"2022-11-28T13:33:55","date_gmt":"2022-11-28T12:33:55","guid":{"rendered":"https:\/\/totitoronell.com\/botiga\/"},"modified":"2023-02-14T15:31:25","modified_gmt":"2023-02-14T14:31:25","slug":"botiga","status":"publish","type":"page","link":"https:\/\/totitoronell.com\/es\/botiga\/","title":{"rendered":"EL COLMADO"},"content":{"rendered":"<p>De peque\u00f1o recuerdo dos tiendas; el colmado de la se\u00f1ora Pepeta debajo de casa de mi abuela Trini, y Can Muntada junto a la Plaza Mercado. Eran tiendas de las que pod\u00edas encontrar de todo, sin excepciones. Aquellas tiendas sin orden ni concierto que cuando entrabas por primera vez respirabas el gusto por el desconcierto.<\/p>\n<p>En homenaje a las tiendas de antes mi colmado es un poco eso, un c\u00famulo de cosas de mi universo tan disperso, y de algunos de los universos que me rodean.<\/p>\n<p>Piezas \u00fanicas y ediciones limitadas que s\u00f3lo encontrar\u00e1s aqu\u00ed.<\/p>\n","protected":false},"excerpt":{"rendered":"<p>De peque\u00f1o recuerdo dos tiendas; el colmado de la se\u00f1ora Pepeta debajo de casa de mi abuela Trini, y Can Muntada junto a la Plaza Mercado. Eran tiendas de las que pod\u00edas encontrar de todo, sin excepciones. Aquellas tiendas sin orden ni concierto que cuando entrabas por primera vez respirabas el gusto por el desconcierto. [&hellip;]<\/p>\n","protected":false},"author":1,"featured_media":0,"parent":0,"menu_order":0,"comment_status":"closed","ping_status":"closed","template":"","meta":{"footnotes":""},"class_list":["post-4215","page","type-page","status-publish","hentry"],"acf":[],"_links":{"self":[{"href":"https:\/\/totitoronell.com\/es\/wp-json\/wp\/v2\/pages\/4215","targetHints":{"allow":["GET"]}}],"collection":[{"href":"https:\/\/totitoronell.com\/es\/wp-json\/wp\/v2\/pages"}],"about":[{"href":"https:\/\/totitoronell.com\/es\/wp-json\/wp\/v2\/types\/page"}],"author":[{"embeddable":true,"href":"https:\/\/totitoronell.com\/es\/wp-json\/wp\/v2\/users\/1"}],"replies":[{"embeddable":true,"href":"https:\/\/totitoronell.com\/es\/wp-json\/wp\/v2\/comments?post=4215"}],"version-history":[{"count":1,"href":"https:\/\/totitoronell.com\/es\/wp-json\/wp\/v2\/pages\/4215\/revisions"}],"predecessor-version":[{"id":4216,"href":"https:\/\/totitoronell.com\/es\/wp-json\/wp\/v2\/pages\/4215\/revisions\/4216"}],"wp:attachment":[{"href":"https:\/\/totitoronell.com\/es\/wp-json\/wp\/v2\/media?parent=4215"}],"curies":[{"name":"wp","href":"https:\/\/api.w.org\/{rel}","templated":true}]}}