{"id":6,"date":"2018-02-16T22:21:50","date_gmt":"2018-02-16T22:21:50","guid":{"rendered":"http:\/\/localhost\/toti\/?page_id=6"},"modified":"2018-05-31T12:36:11","modified_gmt":"2018-05-31T12:36:11","slug":"la-compania","status":"publish","type":"page","link":"https:\/\/totitoronell.com\/es\/la-compania\/","title":{"rendered":"La compa\u00f1\u00eda"},"content":{"rendered":"<p>Nac\u00ed en 1975 DC, de los primeros a\u00f1os no puedo decir gran cosa, \u00a1bastante me cuesta recordar lo que com\u00ed ayer para desayunar! Pero lo que si que recuerdo es que en el a\u00f1o 92 hice un curso de circo con Pep Mora, y que \u00e9ste fue el detonante de todo lo que ha ido viniendo despu\u00e9s.<\/p>\n<p>Me form\u00e9 de manera autodidacta, pero haciendo alguna trampa y picando un poco de aqu\u00ed y de all\u00ed, con Avner (The Excentric), con Jango Edwards, Leo Bassi, Las Bubb, Comediants, Toni Alb\u00e0, Dimitri Bogatirev (Aga-Boom) &#8230; entre otros. Pero sobre todo sobre todo, atrevi\u00e9ndome a probar y a investigar.<\/p>\n<p>Desde su fundaci\u00f3n en 1995 hasta el 2006 dirig\u00ed y actu\u00e9 con COP DE CLOWN con quien aprend\u00ed a creer que todo era posible, en 2006 cre\u00e9 Laitrum TEATRO para investigar y profundizar en nuevas maneras de ense\u00f1ar el teatro, y paralelamente empec\u00e9 a caminar con la CIA. Toti Toronell.<\/p>\n<p>Tambi\u00e9n dirijo otras compa\u00f1\u00edas, hago dibujos, esculturas, alg\u00fan dise\u00f1o, construyo escenograf\u00edas, toco un poco el acorde\u00f3n y el ukelele, tambi\u00e9n doy alguna clase, invento, escribo, imagino, y cuando menos lo espero, me equivoco. .. y puedo volver a empezar.<\/p>\n<p>Macarrones !! Ayer com\u00ed macarrones !!<\/p>\n<p>&nbsp;<\/p>\n<p>&nbsp;<\/p>\n<h3>\u00c9chale un vistazo a mis<\/h3>\n<h3>producciones m\u00e1s recientes<\/h3>\n","protected":false},"excerpt":{"rendered":"<p>Nac\u00ed en 1975 DC, de los primeros a\u00f1os no puedo decir gran cosa, \u00a1bastante me cuesta recordar lo que com\u00ed ayer para desayunar! Pero lo que si que recuerdo es que en el a\u00f1o 92 hice un curso de circo con Pep Mora, y que \u00e9ste fue el detonante de todo lo que ha ido [&hellip;]<\/p>\n","protected":false},"author":1,"featured_media":444,"parent":0,"menu_order":0,"comment_status":"closed","ping_status":"closed","template":"pages\/companyia.php","meta":{"footnotes":""},"class_list":["post-6","page","type-page","status-publish","has-post-thumbnail","hentry"],"acf":[],"_links":{"self":[{"href":"https:\/\/totitoronell.com\/es\/wp-json\/wp\/v2\/pages\/6","targetHints":{"allow":["GET"]}}],"collection":[{"href":"https:\/\/totitoronell.com\/es\/wp-json\/wp\/v2\/pages"}],"about":[{"href":"https:\/\/totitoronell.com\/es\/wp-json\/wp\/v2\/types\/page"}],"author":[{"embeddable":true,"href":"https:\/\/totitoronell.com\/es\/wp-json\/wp\/v2\/users\/1"}],"replies":[{"embeddable":true,"href":"https:\/\/totitoronell.com\/es\/wp-json\/wp\/v2\/comments?post=6"}],"version-history":[{"count":21,"href":"https:\/\/totitoronell.com\/es\/wp-json\/wp\/v2\/pages\/6\/revisions"}],"predecessor-version":[{"id":1619,"href":"https:\/\/totitoronell.com\/es\/wp-json\/wp\/v2\/pages\/6\/revisions\/1619"}],"wp:featuredmedia":[{"embeddable":true,"href":"https:\/\/totitoronell.com\/es\/wp-json\/wp\/v2\/media\/444"}],"wp:attachment":[{"href":"https:\/\/totitoronell.com\/es\/wp-json\/wp\/v2\/media?parent=6"}],"curies":[{"name":"wp","href":"https:\/\/api.w.org\/{rel}","templated":true}]}}