{"id":3999,"date":"2023-02-11T16:30:54","date_gmt":"2023-02-11T15:30:54","guid":{"rendered":"https:\/\/totitoronell.com\/?post_type=product&#038;p=3999"},"modified":"2023-02-13T22:11:03","modified_gmt":"2023-02-13T21:11:03","slug":"cal-bover","status":"publish","type":"product","link":"https:\/\/totitoronell.com\/es\/producte\/cal-bover\/","title":{"rendered":"02. CAL BOVER castellano"},"content":{"rendered":"<p>CAST<\/p>\n<p>Un pis al centre d&#8217;Olot, a tocar la pla\u00e7a major!<\/p>\n<p>Cal Bover, \u00e9s un pis d&#8217;un cos\u00ed de la mare d&#8217;en Toti que el v am posar maco per poder-lo oferir com a allotjament tur\u00edstic.<br \/>\nLa intenci\u00f3 \u00e9s que en Toti i faci alguna intervenci\u00f3, (de fet alguna cosa hi ha fet, per\u00f2 poc). I que s&#8217;acabi convertint-se en una instal\u00b7laci\u00f3 art\u00edstica on poder-se allotjar.<\/p>\n<p>El pis t\u00e9 un xic de tot.<br \/>\nT\u00e9 dues habitacions, una amb llit de matrimoni i una amb 3 llits individuals, un menjador que no s&#8217;hi est\u00e0 malament, tamb\u00e9 hi hem endollat una tele i un petit balconet per sortir a prendre l&#8217;aire (b\u00e9, el balconet ja i era) un lavabo amb una banyera sense tap, aquest fet la converteix en una dutxa (com b\u00e9 diu en Manuel Moranta), un aparell d&#8217;aquests que \u00e9s aire condicionat i calefacci\u00f3 alhora i una cuina equipada, amb un xic de tot.<\/p>\n<p>A 4 minuts a peu del Teatre Principal o a 2 minuts del N\u00faria Social,<br \/>\nTamb\u00e9 a 4 minuts del Museu de la Garrotxa o a 5 del museu dels Sants.<br \/>\nHi ha un aparcament gratu\u00eft a menys de 5 minuts a peu.<br \/>\nTenim la pla\u00e7a major a 1 minut i mig.<br \/>\nI com que est\u00e0 al mig de la ciutat, tenim un xic de tot molt a prop.<\/p>\n<p>Des del pis mateix sortint a peu, pots fer una excursioneta al Volc\u00e0 Montsacopa. En una mitja hora o tres quarts, t&#8217;hi pots plantar i contemplar Olot des de dalt.<\/p>\n<p>Si el voleu buscar CAL BOVER en una aplicaci\u00f3 de mapes&#8230; l&#8217;adre\u00e7a \u00e9s:<br \/>\nCarrer Alfons V, 3 17800 OLOT<\/p>\n","protected":false},"excerpt":{"rendered":"<p>preu per nit<\/p>\n<p>Un pis al centre centre centre d&#8217;Olot.<\/p>\n<p>A<strong>bans de fer el pagament<\/strong>, consulteu-nos disponibilitat! al correu nafent@totitoronell.com<\/p>\n<p>El lloguer m\u00ednim de CAL BOVER \u00e9s de 2es nits.<\/p>\n","protected":false},"featured_media":3916,"comment_status":"closed","ping_status":"closed","template":"","meta":[],"product_brand":[],"product_cat":[137],"product_tag":[],"class_list":{"0":"post-3999","1":"product","2":"type-product","3":"status-publish","4":"has-post-thumbnail","6":"product_cat-alojamiento-turistico","8":"first","9":"onbackorder","10":"sale","11":"taxable","12":"shipping-taxable","13":"purchasable","14":"product-type-variable","15":"has-default-attributes"},"acf":[],"_links":{"self":[{"href":"https:\/\/totitoronell.com\/es\/wp-json\/wp\/v2\/product\/3999","targetHints":{"allow":["GET"]}}],"collection":[{"href":"https:\/\/totitoronell.com\/es\/wp-json\/wp\/v2\/product"}],"about":[{"href":"https:\/\/totitoronell.com\/es\/wp-json\/wp\/v2\/types\/product"}],"replies":[{"embeddable":true,"href":"https:\/\/totitoronell.com\/es\/wp-json\/wp\/v2\/comments?post=3999"}],"wp:featuredmedia":[{"embeddable":true,"href":"https:\/\/totitoronell.com\/es\/wp-json\/wp\/v2\/media\/3916"}],"wp:attachment":[{"href":"https:\/\/totitoronell.com\/es\/wp-json\/wp\/v2\/media?parent=3999"}],"wp:term":[{"taxonomy":"product_brand","embeddable":true,"href":"https:\/\/totitoronell.com\/es\/wp-json\/wp\/v2\/product_brand?post=3999"},{"taxonomy":"product_cat","embeddable":true,"href":"https:\/\/totitoronell.com\/es\/wp-json\/wp\/v2\/product_cat?post=3999"},{"taxonomy":"product_tag","embeddable":true,"href":"https:\/\/totitoronell.com\/es\/wp-json\/wp\/v2\/product_tag?post=3999"}],"curies":[{"name":"wp","href":"https:\/\/api.w.org\/{rel}","templated":true}]}}