{"id":363,"date":"2018-02-16T22:21:50","date_gmt":"2018-02-16T22:21:50","guid":{"rendered":"http:\/\/localhost\/toti\/la-companyia\/"},"modified":"2018-06-06T18:11:11","modified_gmt":"2018-06-06T18:11:11","slug":"la-compania","status":"publish","type":"page","link":"https:\/\/totitoronell.com\/fr\/la-compania\/","title":{"rendered":"La Compagnie"},"content":{"rendered":"<p>Je suis n\u00e9 en 1975 apr. J.-C. Des premi\u00e8res ann\u00e9es je ne peux pas dire grand-chose, j\u2019ai d\u00e9j\u00e0 du mal \u00e0 me rappeler ce que j\u2019ai d\u00e9jeun\u00e9 hier ! Mais ce dont je me souviens c\u2019est qu\u2019en 1992 j\u2019ai pris des cours de cirque avec Pep Mora, et que ce fut le d\u00e9clencheur de tout ce qui m\u2019est arriv\u00e9 par la suite.<br \/>\nJe me suis form\u00e9 en autodidacte, mais en trichant un peu et en piochant par-ci, par-l\u00e0, avec Avner (The Excentric), Jango Edwards, Leo Bassi, Les Bubb, Comediants, Toni Alb\u00e0, Dimitri Bogatirev (Aga-Boom)&#8230; entre autres. Mais surtout, surtout, en osant essayer et en menant mes investigations.<br \/>\nDepuis sa fondation en 1995 jusqu\u2019en 2006, j\u2019ai dirig\u00e9 \u2013 et ai jou\u00e9 pour \u2013 COP DE CLOWN, une compagnie qui m\u2019a appris \u00e0 croire que tout \u00e9tait possible. En 2006 j\u2019ai cr\u00e9\u00e9 LAITRUM TEATRE pour d\u00e9couvrir et approfondir de nouvelles fa\u00e7ons d\u2019enseigner le th\u00e9\u00e2tre ; en parall\u00e8le j\u2019ai fait un bout de chemin avec la CIA. TOTI TORONELL.<br \/>\nJe dirige \u00e9galement d\u2019autres compagnies, je dessine, je fais de la sculpture, un peu de design, je construis des sc\u00e9nographies, je joue un peu d\u2019accord\u00e9on et de ukul\u00e9l\u00e9, je donne \u00e9galement quelques cours, j\u2019invente, j\u2019\u00e9cris, j\u2019imagine, et lorsque je m\u2019y attends le moins, je me trompe&#8230; et je n\u2019ai plus qu\u2019\u00e0 recommencer.<br \/>\nDes p\u00e2tes !!! Hier j\u2019ai mang\u00e9 des p\u00e2tes !!!<\/p>\n<p>&nbsp;<\/p>\n<p>&nbsp;<\/p>\n<h3>Jetez un coup d\u2019\u0153il \u00e0 mes productions les plus r\u00e9centes<\/h3>\n","protected":false},"excerpt":{"rendered":"<p>Je suis n\u00e9 en 1975 apr. J.-C. Des premi\u00e8res ann\u00e9es je ne peux pas dire grand-chose, j\u2019ai d\u00e9j\u00e0 du mal \u00e0 me rappeler ce que j\u2019ai d\u00e9jeun\u00e9 hier ! Mais ce dont je me souviens c\u2019est qu\u2019en 1992 j\u2019ai pris des cours de cirque avec Pep Mora, et que ce fut le d\u00e9clencheur de tout [&hellip;]<\/p>\n","protected":false},"author":1,"featured_media":1030,"parent":0,"menu_order":0,"comment_status":"closed","ping_status":"closed","template":"pages\/companyia.php","meta":{"footnotes":""},"class_list":["post-363","page","type-page","status-publish","has-post-thumbnail","hentry"],"acf":[],"_links":{"self":[{"href":"https:\/\/totitoronell.com\/fr\/wp-json\/wp\/v2\/pages\/363","targetHints":{"allow":["GET"]}}],"collection":[{"href":"https:\/\/totitoronell.com\/fr\/wp-json\/wp\/v2\/pages"}],"about":[{"href":"https:\/\/totitoronell.com\/fr\/wp-json\/wp\/v2\/types\/page"}],"author":[{"embeddable":true,"href":"https:\/\/totitoronell.com\/fr\/wp-json\/wp\/v2\/users\/1"}],"replies":[{"embeddable":true,"href":"https:\/\/totitoronell.com\/fr\/wp-json\/wp\/v2\/comments?post=363"}],"version-history":[{"count":22,"href":"https:\/\/totitoronell.com\/fr\/wp-json\/wp\/v2\/pages\/363\/revisions"}],"predecessor-version":[{"id":1848,"href":"https:\/\/totitoronell.com\/fr\/wp-json\/wp\/v2\/pages\/363\/revisions\/1848"}],"wp:featuredmedia":[{"embeddable":true,"href":"https:\/\/totitoronell.com\/fr\/wp-json\/wp\/v2\/media\/1030"}],"wp:attachment":[{"href":"https:\/\/totitoronell.com\/fr\/wp-json\/wp\/v2\/media?parent=363"}],"curies":[{"name":"wp","href":"https:\/\/api.w.org\/{rel}","templated":true}]}}